{"id":4558,"date":"2024-12-27T07:16:21","date_gmt":"2024-12-27T06:16:21","guid":{"rendered":"https:\/\/insedeegarensis.com\/?page_id=4558"},"modified":"2025-03-24T11:14:35","modified_gmt":"2025-03-24T10:14:35","slug":"notes","status":"publish","type":"page","link":"https:\/\/insedeegarensis.com\/index.php\/notes\/","title":{"rendered":"Notes"},"content":{"rendered":"\n<div style=\"height:100px\" aria-hidden=\"true\" class=\"wp-block-spacer\"><\/div>\n\n\n\n<div class=\"wp-block-query alignwide is-layout-flow wp-block-query-is-layout-flow tw-block-animation tw-animation-fade-in\"><ul class=\"columns-3 wp-block-post-template is-layout-grid wp-container-core-post-template-is-layout-b8a73dc2 wp-block-post-template-is-layout-grid\"><li class=\"wp-block-post post-4629 nota type-nota status-publish format-standard hentry\">\n\n<div class=\"wp-block-group is-layout-flow wp-block-group-is-layout-flow\" style=\"padding-top:30px;padding-right:30px;padding-bottom:30px;padding-left:30px\"><h2 class=\"wp-block-post-title\"><a href=\"https:\/\/insedeegarensis.com\/index.php\/nota\/ise-a-panorama\/\" target=\"_self\" >ISE a Panorama<\/a><\/h2>\n\n<div class=\"wp-block-post-excerpt\"><p class=\"wp-block-post-excerpt__excerpt\">La plataforma online Panorama, dedicada a la difusi\u00f3 de projectes art\u00edstics relacionats amb el paisatge i el territori, ha publicat un article sobre In Sede Egarensis que n&#8217;inclou una ressenya i una selecci\u00f3 d&#8217;imatges. Moltes gr\u00e0cies al seu fundador, el fot\u00f2graf Borja Ballb\u00e9, per aquesta gran empenta a la difusi\u00f3 del projecte!<\/p><p class=\"wp-block-post-excerpt__more-text\"><a class=\"wp-block-post-excerpt__more-link\" href=\"https:\/\/insedeegarensis.com\/index.php\/nota\/ise-a-panorama\/\">Llegir m\u00e9s<\/a><\/p><\/div>\n\n<div class=\"has-link-color wp-elements-cbe3aaeb4463dd4254847ba4e387c00e wp-block-post-date has-text-color has-contrast-color\"><time datetime=\"2024-05-17T06:00:00+02:00\">17\/05\/2024<\/time><\/div><\/div>\n\n<\/li><li class=\"wp-block-post post-4710 nota type-nota status-publish format-standard hentry\">\n\n<div class=\"wp-block-group is-layout-flow wp-block-group-is-layout-flow\" style=\"padding-top:30px;padding-right:30px;padding-bottom:30px;padding-left:30px\"><h2 class=\"wp-block-post-title\"><a href=\"https:\/\/insedeegarensis.com\/index.php\/es\/nota\/ise-a-panorama\/\" target=\"_self\" >ISE en Panorama<\/a><\/h2>\n\n<div class=\"wp-block-post-excerpt\"><p class=\"wp-block-post-excerpt__excerpt\">La plataforma online Panorama, dedicada a la difusi\u00f3n de proyectos art\u00edsticos relacionados con el paisaje y el territorio, ha publicado un art\u00edculo sobre In Sede Egarensis que incluye una rese\u00f1a y una selecci\u00f3n de im\u00e1genes.\u00a1Muchas gracias a su fundador, el fot\u00f3grafo Borja Ballb\u00e9, por este gran empuj\u00f3n a la difusi\u00f3n del proyecto!<\/p><p class=\"wp-block-post-excerpt__more-text\"><a class=\"wp-block-post-excerpt__more-link\" href=\"https:\/\/insedeegarensis.com\/index.php\/es\/nota\/ise-a-panorama\/\">Llegir m\u00e9s<\/a><\/p><\/div>\n\n<div class=\"has-link-color wp-elements-cbe3aaeb4463dd4254847ba4e387c00e wp-block-post-date has-text-color has-contrast-color\"><time datetime=\"2024-05-17T06:00:00+02:00\">17\/05\/2024<\/time><\/div><\/div>\n\n<\/li><li class=\"wp-block-post post-4711 nota type-nota status-publish format-standard hentry\">\n\n<div class=\"wp-block-group is-layout-flow wp-block-group-is-layout-flow\" style=\"padding-top:30px;padding-right:30px;padding-bottom:30px;padding-left:30px\"><h2 class=\"wp-block-post-title\"><a href=\"https:\/\/insedeegarensis.com\/index.php\/en\/note\/ise-a-panorama\/\" target=\"_self\" >ISE @ Panorama<\/a><\/h2>\n\n<div class=\"wp-block-post-excerpt\"><p class=\"wp-block-post-excerpt__excerpt\">The online platform Panorama, dedicated to promoting artistic projects related to landscape and territory, has published an article about In Sede Egarensis that includes a review and a selection of images. Many thanks to its founder, photographer Borja Ballb\u00e9, for this great boost in spreading the project!<\/p><p class=\"wp-block-post-excerpt__more-text\"><a class=\"wp-block-post-excerpt__more-link\" href=\"https:\/\/insedeegarensis.com\/index.php\/en\/note\/ise-a-panorama\/\">Llegir m\u00e9s<\/a><\/p><\/div>\n\n<div class=\"has-link-color wp-elements-cbe3aaeb4463dd4254847ba4e387c00e wp-block-post-date has-text-color has-contrast-color\"><time datetime=\"2024-05-17T06:00:00+02:00\">17\/05\/2024<\/time><\/div><\/div>\n\n<\/li><li class=\"wp-block-post post-4541 nota type-nota status-publish format-standard hentry\">\n\n<div class=\"wp-block-group is-layout-flow wp-block-group-is-layout-flow\" style=\"padding-top:30px;padding-right:30px;padding-bottom:30px;padding-left:30px\"><h2 class=\"wp-block-post-title\"><a href=\"https:\/\/insedeegarensis.com\/index.php\/nota\/la-carpeta\/\" target=\"_self\" >La carpeta<\/a><\/h2>\n\n<div class=\"wp-block-post-excerpt\"><p class=\"wp-block-post-excerpt__excerpt\">En paral\u00b7lel a l&#8217;exposici\u00f3 del projecte a l&#8217;espai d&#8217;art La C\u00fapula, vaig publicar, en col\u00b7laboraci\u00f3 amb Amics de les Arts i Joventuts Musicals de Terrassa, una carpeta d&#8217;edici\u00f3 limitada, numerada i certificada, que aplega 8 c\u00f2pies fine art de les imatges que hi apareixen.<\/p><p class=\"wp-block-post-excerpt__more-text\"><a class=\"wp-block-post-excerpt__more-link\" href=\"https:\/\/insedeegarensis.com\/index.php\/nota\/la-carpeta\/\">Llegir m\u00e9s<\/a><\/p><\/div>\n\n<div class=\"has-link-color wp-elements-cbe3aaeb4463dd4254847ba4e387c00e wp-block-post-date has-text-color has-contrast-color\"><time datetime=\"2024-05-15T07:27:40+02:00\">15\/05\/2024<\/time><\/div><\/div>\n\n<\/li><li class=\"wp-block-post post-4542 nota type-nota status-publish format-standard hentry\">\n\n<div class=\"wp-block-group is-layout-flow wp-block-group-is-layout-flow\" style=\"padding-top:30px;padding-right:30px;padding-bottom:30px;padding-left:30px\"><h2 class=\"wp-block-post-title\"><a href=\"https:\/\/insedeegarensis.com\/index.php\/es\/nota\/la-carpeta\/\" target=\"_self\" >La carpeta<\/a><\/h2>\n\n<div class=\"wp-block-post-excerpt\"><p class=\"wp-block-post-excerpt__excerpt\">Paralelamente a la exposici\u00f3n del proyecto en el espacio de arte La C\u00fapula, publiqu\u00e9, en colaboraci\u00f3n con Amics de les Arts i Joventuts Musicals de Terrassa, una carpeta de edici\u00f3n limitada, numerada y certificada, que recoge 8 copias fine art de las im\u00e1genes presentadas.<\/p><p class=\"wp-block-post-excerpt__more-text\"><a class=\"wp-block-post-excerpt__more-link\" href=\"https:\/\/insedeegarensis.com\/index.php\/es\/nota\/la-carpeta\/\">Llegir m\u00e9s<\/a><\/p><\/div>\n\n<div class=\"has-link-color wp-elements-cbe3aaeb4463dd4254847ba4e387c00e wp-block-post-date has-text-color has-contrast-color\"><time datetime=\"2024-05-15T07:27:40+02:00\">15\/05\/2024<\/time><\/div><\/div>\n\n<\/li><li class=\"wp-block-post post-4543 nota type-nota status-publish format-standard hentry\">\n\n<div class=\"wp-block-group is-layout-flow wp-block-group-is-layout-flow\" style=\"padding-top:30px;padding-right:30px;padding-bottom:30px;padding-left:30px\"><h2 class=\"wp-block-post-title\"><a href=\"https:\/\/insedeegarensis.com\/index.php\/en\/note\/the-portfolio\/\" target=\"_self\" >The Portfolio<\/a><\/h2>\n\n<div class=\"wp-block-post-excerpt\"><p class=\"wp-block-post-excerpt__excerpt\">In parallel to the exhibition of the project at the La C\u00fapula art space, I published, in collaboration with Amics de les Arts i Joventuts Musicals de Terrassa, a limited edition, numbered, and certified portfolio that includes 8 fine art prints of the images featured in the project.<\/p><p class=\"wp-block-post-excerpt__more-text\"><a class=\"wp-block-post-excerpt__more-link\" href=\"https:\/\/insedeegarensis.com\/index.php\/en\/note\/the-portfolio\/\">Llegir m\u00e9s<\/a><\/p><\/div>\n\n<div class=\"has-link-color wp-elements-cbe3aaeb4463dd4254847ba4e387c00e wp-block-post-date has-text-color has-contrast-color\"><time datetime=\"2024-05-15T07:27:40+02:00\">15\/05\/2024<\/time><\/div><\/div>\n\n<\/li><li class=\"wp-block-post post-4544 nota type-nota status-publish format-standard hentry\">\n\n<div class=\"wp-block-group is-layout-flow wp-block-group-is-layout-flow\" style=\"padding-top:30px;padding-right:30px;padding-bottom:30px;padding-left:30px\"><h2 class=\"wp-block-post-title\"><a href=\"https:\/\/insedeegarensis.com\/index.php\/nota\/lexposicio\/\" target=\"_self\" >L&#8217;exposici\u00f3<\/a><\/h2>\n\n<div class=\"wp-block-post-excerpt\"><p class=\"wp-block-post-excerpt__excerpt\">La primera selecci\u00f3 d&#8217;imatges de In Sede Egarensis es va presentar en una exposici\u00f3 a la sala Espai d&#8217;Art La C\u00fapula d&#8217;Amics de les Arts i Joventuts Musicals de Terrassa del 4 al 31 de maig de 2024.<\/p><p class=\"wp-block-post-excerpt__more-text\"><a class=\"wp-block-post-excerpt__more-link\" href=\"https:\/\/insedeegarensis.com\/index.php\/nota\/lexposicio\/\">Llegir m\u00e9s<\/a><\/p><\/div>\n\n<div class=\"has-link-color wp-elements-cbe3aaeb4463dd4254847ba4e387c00e wp-block-post-date has-text-color has-contrast-color\"><time datetime=\"2024-05-14T07:27:40+02:00\">14\/05\/2024<\/time><\/div><\/div>\n\n<\/li><li class=\"wp-block-post post-4563 nota type-nota status-publish format-standard hentry\">\n\n<div class=\"wp-block-group is-layout-flow wp-block-group-is-layout-flow\" style=\"padding-top:30px;padding-right:30px;padding-bottom:30px;padding-left:30px\"><h2 class=\"wp-block-post-title\"><a href=\"https:\/\/insedeegarensis.com\/index.php\/es\/nota\/la-exposicion\/\" target=\"_self\" >La exposici\u00f3n<\/a><\/h2>\n\n<div class=\"wp-block-post-excerpt\"><p class=\"wp-block-post-excerpt__excerpt\">La primera selecci\u00f3n de im\u00e1genes de In Sede Egarensis fue presentada en una exposici\u00f3n en la sala Espai d&#8217;Art La C\u00fapula de Amics de les Arts i Joventuts Musicals de Terrassa, del 4 al 31 de mayo de 2024.<\/p><p class=\"wp-block-post-excerpt__more-text\"><a class=\"wp-block-post-excerpt__more-link\" href=\"https:\/\/insedeegarensis.com\/index.php\/es\/nota\/la-exposicion\/\">Llegir m\u00e9s<\/a><\/p><\/div>\n\n<div class=\"has-link-color wp-elements-cbe3aaeb4463dd4254847ba4e387c00e wp-block-post-date has-text-color has-contrast-color\"><time datetime=\"2024-05-14T07:27:40+02:00\">14\/05\/2024<\/time><\/div><\/div>\n\n<\/li><li class=\"wp-block-post post-4564 nota type-nota status-publish format-standard hentry\">\n\n<div class=\"wp-block-group is-layout-flow wp-block-group-is-layout-flow\" style=\"padding-top:30px;padding-right:30px;padding-bottom:30px;padding-left:30px\"><h2 class=\"wp-block-post-title\"><a href=\"https:\/\/insedeegarensis.com\/index.php\/en\/note\/the-exhibition\/\" target=\"_self\" >The Exhibition<\/a><\/h2>\n\n<div class=\"wp-block-post-excerpt\"><p class=\"wp-block-post-excerpt__excerpt\">The first selection of images from In Sede Egarensis was presented in an exhibition at the art space La C\u00fapula d&#8217;Amics de les Arts i Joventuts Musicals, in Terrassa, from the 4th to the 31st of May, 2004.<\/p><p class=\"wp-block-post-excerpt__more-text\"><a class=\"wp-block-post-excerpt__more-link\" href=\"https:\/\/insedeegarensis.com\/index.php\/en\/note\/the-exhibition\/\">Llegir m\u00e9s<\/a><\/p><\/div>\n\n<div class=\"has-link-color wp-elements-cbe3aaeb4463dd4254847ba4e387c00e wp-block-post-date has-text-color has-contrast-color\"><time datetime=\"2024-05-14T07:27:40+02:00\">14\/05\/2024<\/time><\/div><\/div>\n\n<\/li><li class=\"wp-block-post post-4537 nota type-nota status-publish format-standard hentry\">\n\n<div class=\"wp-block-group is-layout-flow wp-block-group-is-layout-flow\" style=\"padding-top:30px;padding-right:30px;padding-bottom:30px;padding-left:30px\"><h2 class=\"wp-block-post-title\"><a href=\"https:\/\/insedeegarensis.com\/index.php\/nota\/una-introduccio\/\" target=\"_self\" >Una introducci\u00f3<\/a><\/h2>\n\n<div class=\"wp-block-post-excerpt\"><p class=\"wp-block-post-excerpt__excerpt\">La configuraci\u00f3 urban\u00edstica de la Terrassa actual est\u00e0 marcada en gran part per l\u2019explosi\u00f3 demogr\u00e0fica sense precedents que hi va tenir lloc a mitjans del segle XX. Entre el 1940 i el 1975 la poblaci\u00f3 de la ciutat es va triplicar, passant de 45.000 a 153.000 habitants en nom\u00e9s trenta-cinc anys.<\/p><p class=\"wp-block-post-excerpt__more-text\"><a class=\"wp-block-post-excerpt__more-link\" href=\"https:\/\/insedeegarensis.com\/index.php\/nota\/una-introduccio\/\">Llegir m\u00e9s<\/a><\/p><\/div>\n\n<div class=\"has-link-color wp-elements-cbe3aaeb4463dd4254847ba4e387c00e wp-block-post-date has-text-color has-contrast-color\"><time datetime=\"2024-05-13T07:00:40+02:00\">13\/05\/2024<\/time><\/div><\/div>\n\n<\/li><li class=\"wp-block-post post-4538 nota type-nota status-publish format-standard hentry\">\n\n<div class=\"wp-block-group is-layout-flow wp-block-group-is-layout-flow\" style=\"padding-top:30px;padding-right:30px;padding-bottom:30px;padding-left:30px\"><h2 class=\"wp-block-post-title\"><a href=\"https:\/\/insedeegarensis.com\/index.php\/es\/nota\/una-introduccion\/\" target=\"_self\" >Una introducci\u00f3n<\/a><\/h2>\n\n<div class=\"wp-block-post-excerpt\"><p class=\"wp-block-post-excerpt__excerpt\">La configuraci\u00f3n urban\u00edstica de la Terrassa actual est\u00e1 marcada en gran parte por la explosi\u00f3n demogr\u00e1fica sense precedentes que experiment\u00f3 a mediados del siglo XX. Entre 1940 y 1975 la poblaci\u00f3n de la ciudad se triplic\u00f3, pasando de 45.000 a 153.000 habitantes en tan s\u00f3lo treinta y cinco a\u00f1os.<\/p><p class=\"wp-block-post-excerpt__more-text\"><a class=\"wp-block-post-excerpt__more-link\" href=\"https:\/\/insedeegarensis.com\/index.php\/es\/nota\/una-introduccion\/\">Llegir m\u00e9s<\/a><\/p><\/div>\n\n<div class=\"has-link-color wp-elements-cbe3aaeb4463dd4254847ba4e387c00e wp-block-post-date has-text-color has-contrast-color\"><time datetime=\"2024-05-13T07:00:40+02:00\">13\/05\/2024<\/time><\/div><\/div>\n\n<\/li><li class=\"wp-block-post post-4539 nota type-nota status-publish format-standard hentry\">\n\n<div class=\"wp-block-group is-layout-flow wp-block-group-is-layout-flow\" style=\"padding-top:30px;padding-right:30px;padding-bottom:30px;padding-left:30px\"><h2 class=\"wp-block-post-title\"><a href=\"https:\/\/insedeegarensis.com\/index.php\/en\/note\/an-introduction\/\" target=\"_self\" >An Introduction<\/a><\/h2>\n\n<div class=\"wp-block-post-excerpt\"><p class=\"wp-block-post-excerpt__excerpt\">The urban configuration of present-day Terrassa is largely shaped by the unprecedented demographic explosion that took place there in the mid-20th century. Between 1940 and 1975, the city\u2019s population tripled, growing from 45,000 to 153,000 inhabitants in just thirty-five years.<\/p><p class=\"wp-block-post-excerpt__more-text\"><a class=\"wp-block-post-excerpt__more-link\" href=\"https:\/\/insedeegarensis.com\/index.php\/en\/note\/an-introduction\/\">Llegir m\u00e9s<\/a><\/p><\/div>\n\n<div class=\"has-link-color wp-elements-cbe3aaeb4463dd4254847ba4e387c00e wp-block-post-date has-text-color has-contrast-color\"><time datetime=\"2024-05-13T07:00:40+02:00\">13\/05\/2024<\/time><\/div><\/div>\n\n<\/li><\/ul><\/div>\n\n\n\n<div style=\"height:150px\" aria-hidden=\"true\" class=\"wp-block-spacer\"><\/div>\n","protected":false},"excerpt":{"rendered":"","protected":false},"author":1,"featured_media":0,"parent":0,"menu_order":0,"comment_status":"closed","ping_status":"closed","template":"page-no-title","meta":{"_acf_changed":false,"_vp_format_video_url":"","_vp_image_focal_point":[],"footnotes":""},"class_list":["post-4558","page","type-page","status-publish","hentry"],"acf":[],"yoast_head":"<!-- This site is optimized with the Yoast SEO plugin v27.3 - https:\/\/yoast.com\/product\/yoast-seo-wordpress\/ -->\n<title>Notes | In Sede Egarensis<\/title>\n<meta name=\"robots\" content=\"index, follow, max-snippet:-1, max-image-preview:large, max-video-preview:-1\" \/>\n<link rel=\"canonical\" href=\"https:\/\/insedeegarensis.com\/index.php\/notes\/\" \/>\n<meta property=\"og:locale\" content=\"ca_ES\" \/>\n<meta property=\"og:type\" content=\"article\" \/>\n<meta property=\"og:title\" content=\"Notes | In Sede Egarensis\" \/>\n<meta property=\"og:url\" content=\"https:\/\/insedeegarensis.com\/index.php\/notes\/\" \/>\n<meta property=\"og:site_name\" content=\"In Sede Egarensis\" \/>\n<meta property=\"article:modified_time\" content=\"2025-03-24T10:14:35+00:00\" \/>\n<meta property=\"og:image\" content=\"https:\/\/insedeegarensis.com\/wp-content\/uploads\/2024\/02\/serie-terrassa-aajm-def-4-2.jpg?wsr\" \/>\n\t<meta property=\"og:image:width\" content=\"2000\" \/>\n\t<meta property=\"og:image:height\" content=\"1500\" \/>\n\t<meta property=\"og:image:type\" content=\"image\/jpeg\" \/>\n<meta name=\"twitter:card\" content=\"summary_large_image\" \/>\n<script type=\"application\/ld+json\" class=\"yoast-schema-graph\">{\"@context\":\"https:\\\/\\\/schema.org\",\"@graph\":[{\"@type\":\"WebPage\",\"@id\":\"https:\\\/\\\/insedeegarensis.com\\\/index.php\\\/notes\\\/\",\"url\":\"https:\\\/\\\/insedeegarensis.com\\\/index.php\\\/notes\\\/\",\"name\":\"Notes | In Sede Egarensis\",\"isPartOf\":{\"@id\":\"https:\\\/\\\/insedeegarensis.com\\\/#website\"},\"datePublished\":\"2024-12-27T06:16:21+00:00\",\"dateModified\":\"2025-03-24T10:14:35+00:00\",\"breadcrumb\":{\"@id\":\"https:\\\/\\\/insedeegarensis.com\\\/index.php\\\/notes\\\/#breadcrumb\"},\"inLanguage\":\"ca\",\"potentialAction\":[{\"@type\":\"ReadAction\",\"target\":[\"https:\\\/\\\/insedeegarensis.com\\\/index.php\\\/notes\\\/\"]}]},{\"@type\":\"BreadcrumbList\",\"@id\":\"https:\\\/\\\/insedeegarensis.com\\\/index.php\\\/notes\\\/#breadcrumb\",\"itemListElement\":[{\"@type\":\"ListItem\",\"position\":1,\"name\":\"Inici\",\"item\":\"https:\\\/\\\/insedeegarensis.com\\\/\"},{\"@type\":\"ListItem\",\"position\":2,\"name\":\"Notes\"}]},{\"@type\":\"WebSite\",\"@id\":\"https:\\\/\\\/insedeegarensis.com\\\/#website\",\"url\":\"https:\\\/\\\/insedeegarensis.com\\\/\",\"name\":\"In Sede Egarensis\",\"description\":\"Una exploraci\u00f3 fotogr\u00e0fica a llarg termini dels paisatges urbans, suburbans i periurbans de la ciutat de Terrassa.\",\"publisher\":{\"@id\":\"https:\\\/\\\/insedeegarensis.com\\\/#\\\/schema\\\/person\\\/d2a7b60ec957cae524af754bf5a7c81c\"},\"potentialAction\":[{\"@type\":\"SearchAction\",\"target\":{\"@type\":\"EntryPoint\",\"urlTemplate\":\"https:\\\/\\\/insedeegarensis.com\\\/?s={search_term_string}\"},\"query-input\":{\"@type\":\"PropertyValueSpecification\",\"valueRequired\":true,\"valueName\":\"search_term_string\"}}],\"inLanguage\":\"ca\"},{\"@type\":[\"Person\",\"Organization\"],\"@id\":\"https:\\\/\\\/insedeegarensis.com\\\/#\\\/schema\\\/person\\\/d2a7b60ec957cae524af754bf5a7c81c\",\"name\":\"Xavier Aragon\u00e8s\",\"image\":{\"@type\":\"ImageObject\",\"inLanguage\":\"ca\",\"@id\":\"https:\\\/\\\/insedeegarensis.com\\\/wp-content\\\/uploads\\\/2024\\\/03\\\/cropped-icona-ise.png\",\"url\":\"https:\\\/\\\/insedeegarensis.com\\\/wp-content\\\/uploads\\\/2024\\\/03\\\/cropped-icona-ise.png\",\"contentUrl\":\"https:\\\/\\\/insedeegarensis.com\\\/wp-content\\\/uploads\\\/2024\\\/03\\\/cropped-icona-ise.png\",\"width\":512,\"height\":512,\"caption\":\"Xavier Aragon\u00e8s\"},\"logo\":{\"@id\":\"https:\\\/\\\/insedeegarensis.com\\\/wp-content\\\/uploads\\\/2024\\\/03\\\/cropped-icona-ise.png\"},\"sameAs\":[\"http:\\\/\\\/insedeegarensis.com\"]}]}<\/script>\n<!-- \/ Yoast SEO plugin. -->","yoast_head_json":{"title":"Notes | In Sede Egarensis","robots":{"index":"index","follow":"follow","max-snippet":"max-snippet:-1","max-image-preview":"max-image-preview:large","max-video-preview":"max-video-preview:-1"},"canonical":"https:\/\/insedeegarensis.com\/index.php\/notes\/","og_locale":"ca_ES","og_type":"article","og_title":"Notes | In Sede Egarensis","og_url":"https:\/\/insedeegarensis.com\/index.php\/notes\/","og_site_name":"In Sede Egarensis","article_modified_time":"2025-03-24T10:14:35+00:00","og_image":[{"width":2000,"height":1500,"url":"https:\/\/insedeegarensis.com\/wp-content\/uploads\/2024\/02\/serie-terrassa-aajm-def-4-2.jpg?wsr","type":"image\/jpeg"}],"twitter_card":"summary_large_image","schema":{"@context":"https:\/\/schema.org","@graph":[{"@type":"WebPage","@id":"https:\/\/insedeegarensis.com\/index.php\/notes\/","url":"https:\/\/insedeegarensis.com\/index.php\/notes\/","name":"Notes | In Sede Egarensis","isPartOf":{"@id":"https:\/\/insedeegarensis.com\/#website"},"datePublished":"2024-12-27T06:16:21+00:00","dateModified":"2025-03-24T10:14:35+00:00","breadcrumb":{"@id":"https:\/\/insedeegarensis.com\/index.php\/notes\/#breadcrumb"},"inLanguage":"ca","potentialAction":[{"@type":"ReadAction","target":["https:\/\/insedeegarensis.com\/index.php\/notes\/"]}]},{"@type":"BreadcrumbList","@id":"https:\/\/insedeegarensis.com\/index.php\/notes\/#breadcrumb","itemListElement":[{"@type":"ListItem","position":1,"name":"Inici","item":"https:\/\/insedeegarensis.com\/"},{"@type":"ListItem","position":2,"name":"Notes"}]},{"@type":"WebSite","@id":"https:\/\/insedeegarensis.com\/#website","url":"https:\/\/insedeegarensis.com\/","name":"In Sede Egarensis","description":"Una exploraci\u00f3 fotogr\u00e0fica a llarg termini dels paisatges urbans, suburbans i periurbans de la ciutat de Terrassa.","publisher":{"@id":"https:\/\/insedeegarensis.com\/#\/schema\/person\/d2a7b60ec957cae524af754bf5a7c81c"},"potentialAction":[{"@type":"SearchAction","target":{"@type":"EntryPoint","urlTemplate":"https:\/\/insedeegarensis.com\/?s={search_term_string}"},"query-input":{"@type":"PropertyValueSpecification","valueRequired":true,"valueName":"search_term_string"}}],"inLanguage":"ca"},{"@type":["Person","Organization"],"@id":"https:\/\/insedeegarensis.com\/#\/schema\/person\/d2a7b60ec957cae524af754bf5a7c81c","name":"Xavier Aragon\u00e8s","image":{"@type":"ImageObject","inLanguage":"ca","@id":"https:\/\/insedeegarensis.com\/wp-content\/uploads\/2024\/03\/cropped-icona-ise.png","url":"https:\/\/insedeegarensis.com\/wp-content\/uploads\/2024\/03\/cropped-icona-ise.png","contentUrl":"https:\/\/insedeegarensis.com\/wp-content\/uploads\/2024\/03\/cropped-icona-ise.png","width":512,"height":512,"caption":"Xavier Aragon\u00e8s"},"logo":{"@id":"https:\/\/insedeegarensis.com\/wp-content\/uploads\/2024\/03\/cropped-icona-ise.png"},"sameAs":["http:\/\/insedeegarensis.com"]}]}},"lang":"ca","translations":{"ca":4558,"es":4567,"en":4570},"pll_sync_post":[],"_links":{"self":[{"href":"https:\/\/insedeegarensis.com\/index.php\/wp-json\/wp\/v2\/pages\/4558","targetHints":{"allow":["GET"]}}],"collection":[{"href":"https:\/\/insedeegarensis.com\/index.php\/wp-json\/wp\/v2\/pages"}],"about":[{"href":"https:\/\/insedeegarensis.com\/index.php\/wp-json\/wp\/v2\/types\/page"}],"author":[{"embeddable":true,"href":"https:\/\/insedeegarensis.com\/index.php\/wp-json\/wp\/v2\/users\/1"}],"replies":[{"embeddable":true,"href":"https:\/\/insedeegarensis.com\/index.php\/wp-json\/wp\/v2\/comments?post=4558"}],"version-history":[{"count":12,"href":"https:\/\/insedeegarensis.com\/index.php\/wp-json\/wp\/v2\/pages\/4558\/revisions"}],"predecessor-version":[{"id":4976,"href":"https:\/\/insedeegarensis.com\/index.php\/wp-json\/wp\/v2\/pages\/4558\/revisions\/4976"}],"wp:attachment":[{"href":"https:\/\/insedeegarensis.com\/index.php\/wp-json\/wp\/v2\/media?parent=4558"}],"curies":[{"name":"wp","href":"https:\/\/api.w.org\/{rel}","templated":true}]}}