{"id":576,"date":"2024-02-24T23:31:50","date_gmt":"2024-02-24T22:31:50","guid":{"rendered":"https:\/\/insedeegarensis.com\/?page_id=576"},"modified":"2024-03-19T06:30:46","modified_gmt":"2024-03-19T05:30:46","slug":"quien","status":"publish","type":"page","link":"https:\/\/insedeegarensis.com\/index.php\/es\/quien\/","title":{"rendered":"Qui\u00e9n"},"content":{"rendered":"\n<div style=\"height:170px\" aria-hidden=\"true\" class=\"wp-block-spacer\"><\/div>\n\n\n\n<div class=\"wp-block-group alignfull has-base-background-color has-background has-global-padding is-layout-constrained wp-container-core-group-is-layout-d89aad35 wp-block-group-is-layout-constrained\" style=\"margin-top:0;margin-bottom:0;padding-top:var(--wp--preset--spacing--50);padding-right:var(--wp--preset--spacing--50);padding-bottom:var(--wp--preset--spacing--50);padding-left:var(--wp--preset--spacing--50)\">\n<div class=\"wp-block-columns alignwide is-layout-flex wp-container-core-columns-is-layout-7456c446 wp-block-columns-is-layout-flex tw-block-animation tw-animation-fade-in\">\n<div class=\"wp-block-column has-global-padding is-content-justification-left is-layout-constrained wp-container-core-column-is-layout-4f15e8fe wp-block-column-is-layout-constrained\" style=\"--col-width:40%;flex-basis:40%\">\n<figure class=\"wp-block-image size-large\"><noscript><img loading=\"lazy\" decoding=\"async\" width=\"1024\" height=\"683\" data-skip-lazy src=\"https:\/\/insedeegarensis.com\/wp-content\/uploads\/2024\/03\/arbust_ombra_72dpi-1024x683.jpg\" alt=\"\" class=\"wp-image-995\" srcset=\"https:\/\/insedeegarensis.com\/wp-content\/uploads\/2024\/03\/arbust_ombra_72dpi-1024x683.jpg 1024w, https:\/\/insedeegarensis.com\/wp-content\/uploads\/2024\/03\/arbust_ombra_72dpi-300x200.jpg 300w, https:\/\/insedeegarensis.com\/wp-content\/uploads\/2024\/03\/arbust_ombra_72dpi-768x512.jpg 768w, https:\/\/insedeegarensis.com\/wp-content\/uploads\/2024\/03\/arbust_ombra_72dpi-500x333.jpg 500w, https:\/\/insedeegarensis.com\/wp-content\/uploads\/2024\/03\/arbust_ombra_72dpi-800x533.jpg 800w, https:\/\/insedeegarensis.com\/wp-content\/uploads\/2024\/03\/arbust_ombra_72dpi.jpg 1200w\" sizes=\"auto, (max-width: 1024px) 100vw, 1024px\" \/><\/noscript><img loading=\"eager\" decoding=\"async\" width=\"1024\" height=\"683\" src=\"https:\/\/insedeegarensis.com\/wp-content\/uploads\/2024\/03\/arbust_ombra_72dpi-1024x683.jpg\" alt class=\"wp-image-995 vp-lazyload\" srcset=\"data:image\/svg+xml;base64,PHN2ZyB3aWR0aD0iMTAyNCIgaGVpZ2h0PSI2ODMiIHZpZXdCb3g9IjAgMCAxMDI0IDY4MyIgZmlsbD0ibm9uZSIgeG1sbnM9Imh0dHA6Ly93d3cudzMub3JnLzIwMDAvc3ZnIj48L3N2Zz4=\" data-src=\"https:\/\/insedeegarensis.com\/wp-content\/uploads\/2024\/03\/arbust_ombra_72dpi-1024x683.jpg\" data-srcset=\"https:\/\/insedeegarensis.com\/wp-content\/uploads\/2024\/03\/arbust_ombra_72dpi-1024x683.jpg 1024w, https:\/\/insedeegarensis.com\/wp-content\/uploads\/2024\/03\/arbust_ombra_72dpi-300x200.jpg 300w, https:\/\/insedeegarensis.com\/wp-content\/uploads\/2024\/03\/arbust_ombra_72dpi-768x512.jpg 768w, https:\/\/insedeegarensis.com\/wp-content\/uploads\/2024\/03\/arbust_ombra_72dpi-500x333.jpg 500w, https:\/\/insedeegarensis.com\/wp-content\/uploads\/2024\/03\/arbust_ombra_72dpi-800x533.jpg 800w, https:\/\/insedeegarensis.com\/wp-content\/uploads\/2024\/03\/arbust_ombra_72dpi.jpg 1200w\" data-sizes=\"auto\"><\/figure>\n\n\n\n<p><a href=\"http:\/\/xavieraragones.com\" data-type=\"link\" data-id=\"xavieraragones.com\">Xavier Aragon\u00e8s<br><\/a>(Pineda de Mar, 1979)<\/p>\n\n\n\n<ul class=\"wp-block-social-links has-icon-color is-style-logos-only is-content-justification-left is-layout-flex wp-container-core-social-links-is-layout-fc4fd283 wp-block-social-links-is-layout-flex\"><li style=\"color:#111111;\" class=\"wp-social-link wp-social-link-instagram has-contrast-color wp-block-social-link\"><a href=\"http:\/\/www.instagram.com\/fotosintempestives\" class=\"wp-block-social-link-anchor\"><svg width=\"24\" height=\"24\" viewBox=\"0 0 24 24\" version=\"1.1\" xmlns=\"http:\/\/www.w3.org\/2000\/svg\" aria-hidden=\"true\" focusable=\"false\"><path d=\"M12,4.622c2.403,0,2.688,0.009,3.637,0.052c0.877,0.04,1.354,0.187,1.671,0.31c0.42,0.163,0.72,0.358,1.035,0.673 c0.315,0.315,0.51,0.615,0.673,1.035c0.123,0.317,0.27,0.794,0.31,1.671c0.043,0.949,0.052,1.234,0.052,3.637 s-0.009,2.688-0.052,3.637c-0.04,0.877-0.187,1.354-0.31,1.671c-0.163,0.42-0.358,0.72-0.673,1.035 c-0.315,0.315-0.615,0.51-1.035,0.673c-0.317,0.123-0.794,0.27-1.671,0.31c-0.949,0.043-1.233,0.052-3.637,0.052 s-2.688-0.009-3.637-0.052c-0.877-0.04-1.354-0.187-1.671-0.31c-0.42-0.163-0.72-0.358-1.035-0.673 c-0.315-0.315-0.51-0.615-0.673-1.035c-0.123-0.317-0.27-0.794-0.31-1.671C4.631,14.688,4.622,14.403,4.622,12 s0.009-2.688,0.052-3.637c0.04-0.877,0.187-1.354,0.31-1.671c0.163-0.42,0.358-0.72,0.673-1.035 c0.315-0.315,0.615-0.51,1.035-0.673c0.317-0.123,0.794-0.27,1.671-0.31C9.312,4.631,9.597,4.622,12,4.622 M12,3 C9.556,3,9.249,3.01,8.289,3.054C7.331,3.098,6.677,3.25,6.105,3.472C5.513,3.702,5.011,4.01,4.511,4.511 c-0.5,0.5-0.808,1.002-1.038,1.594C3.25,6.677,3.098,7.331,3.054,8.289C3.01,9.249,3,9.556,3,12c0,2.444,0.01,2.751,0.054,3.711 c0.044,0.958,0.196,1.612,0.418,2.185c0.23,0.592,0.538,1.094,1.038,1.594c0.5,0.5,1.002,0.808,1.594,1.038 c0.572,0.222,1.227,0.375,2.185,0.418C9.249,20.99,9.556,21,12,21s2.751-0.01,3.711-0.054c0.958-0.044,1.612-0.196,2.185-0.418 c0.592-0.23,1.094-0.538,1.594-1.038c0.5-0.5,0.808-1.002,1.038-1.594c0.222-0.572,0.375-1.227,0.418-2.185 C20.99,14.751,21,14.444,21,12s-0.01-2.751-0.054-3.711c-0.044-0.958-0.196-1.612-0.418-2.185c-0.23-0.592-0.538-1.094-1.038-1.594 c-0.5-0.5-1.002-0.808-1.594-1.038c-0.572-0.222-1.227-0.375-2.185-0.418C14.751,3.01,14.444,3,12,3L12,3z M12,7.378 c-2.552,0-4.622,2.069-4.622,4.622S9.448,16.622,12,16.622s4.622-2.069,4.622-4.622S14.552,7.378,12,7.378z M12,15 c-1.657,0-3-1.343-3-3s1.343-3,3-3s3,1.343,3,3S13.657,15,12,15z M16.804,6.116c-0.596,0-1.08,0.484-1.08,1.08 s0.484,1.08,1.08,1.08c0.596,0,1.08-0.484,1.08-1.08S17.401,6.116,16.804,6.116z\"><\/path><\/svg><span class=\"wp-block-social-link-label screen-reader-text\">Instagram<\/span><\/a><\/li>\n\n<li style=\"color:#111111;\" class=\"wp-social-link wp-social-link-mail has-contrast-color wp-block-social-link\"><a href=\"mailto:hola@xavieraragones.com\" class=\"wp-block-social-link-anchor\"><svg width=\"24\" height=\"24\" viewBox=\"0 0 24 24\" version=\"1.1\" xmlns=\"http:\/\/www.w3.org\/2000\/svg\" aria-hidden=\"true\" focusable=\"false\"><path d=\"M19,5H5c-1.1,0-2,.9-2,2v10c0,1.1.9,2,2,2h14c1.1,0,2-.9,2-2V7c0-1.1-.9-2-2-2zm.5,12c0,.3-.2.5-.5.5H5c-.3,0-.5-.2-.5-.5V9.8l7.5,5.6,7.5-5.6V17zm0-9.1L12,13.6,4.5,7.9V7c0-.3.2-.5.5-.5h14c.3,0,.5.2.5.5v.9z\"><\/path><\/svg><span class=\"wp-block-social-link-label screen-reader-text\">Correu electr\u00f2nic<\/span><\/a><\/li><\/ul>\n\n\n\n<div style=\"height:30px\" aria-hidden=\"true\" class=\"wp-block-spacer\"><\/div>\n<\/div>\n\n\n\n<div class=\"wp-block-column is-layout-flow wp-container-core-column-is-layout-119bc444 wp-block-column-is-layout-flow\" style=\"--col-width:60%;flex-basis:60%\">\n<p class=\"has-heading-font-family has-x-large-font-size\" style=\"line-height:1.2\">Mi trabajo gira principalmente alrededor de los efectos, a veces sutiles y a veces traum\u00e1ticos, de la actividad humana sobre los lugares que nos rodean.<\/p>\n\n\n\n<div class=\"wp-block-columns is-layout-flex wp-container-core-columns-is-layout-adf2eb3b wp-block-columns-is-layout-flex\">\n<div class=\"wp-block-column is-layout-flow wp-block-column-is-layout-flow\">\n<p class=\"wp-container-content-9cfa9a5a\">Soy un fot\u00f3grafo residente en Terrassa desde 2009. Soy licenciado en Periodismo y he cursado estudios de fotograf\u00eda en las escuelas Grisart y El Observatorio, de Barcelona. <\/p>\n<\/div>\n\n\n\n<div class=\"wp-block-column is-layout-flow wp-block-column-is-layout-flow\">\n<p>He publicado dos fotolibros: <em>O. O. O.<\/em> y <em>Twentysix Abandoned Catalan Gasoline Stations<\/em>. Este \u00faltimo trabajado tambi\u00e9n ha sido presentado en formato expositivo en los festivales de fotograf\u00eda Revela\u2019t (Barcelona, 2018) y Festimatge (Calella, 2021). <\/p>\n<\/div>\n<\/div>\n<\/div>\n<\/div>\n<\/div>\n","protected":false},"excerpt":{"rendered":"<p>Xavier Aragon\u00e8s(Pineda de Mar, 1979) Mi trabajo gira principalmente alrededor de los efectos, a veces sutiles y a veces traum\u00e1ticos, de la actividad humana sobre los lugares que nos rodean. Soy un fot\u00f3grafo residente en Terrassa desde 2009. Soy licenciado en Periodismo y he cursado estudios de fotograf\u00eda en las escuelas Grisart y El Observatorio, [&hellip;]<\/p>\n","protected":false},"author":1,"featured_media":0,"parent":0,"menu_order":0,"comment_status":"closed","ping_status":"closed","template":"page-no-title","meta":{"_acf_changed":false,"_vp_format_video_url":"","_vp_image_focal_point":[],"footnotes":""},"class_list":["post-576","page","type-page","status-publish","hentry"],"acf":[],"yoast_head":"<!-- This site is optimized with the Yoast SEO plugin v27.3 - https:\/\/yoast.com\/product\/yoast-seo-wordpress\/ -->\n<title>Qui\u00e9n | In Sede Egarensis<\/title>\n<meta name=\"robots\" content=\"index, follow, max-snippet:-1, max-image-preview:large, max-video-preview:-1\" \/>\n<link rel=\"canonical\" href=\"https:\/\/insedeegarensis.com\/index.php\/es\/quien\/\" \/>\n<meta property=\"og:locale\" content=\"ca_ES\" \/>\n<meta property=\"og:type\" content=\"article\" \/>\n<meta property=\"og:title\" content=\"Qui\u00e9n | In Sede Egarensis\" \/>\n<meta property=\"og:description\" content=\"Xavier Aragon\u00e8s(Pineda de Mar, 1979) Mi trabajo gira principalmente alrededor de los efectos, a veces sutiles y a veces traum\u00e1ticos, de la actividad humana sobre los lugares que nos rodean. Soy un fot\u00f3grafo residente en Terrassa desde 2009. Soy licenciado en Periodismo y he cursado estudios de fotograf\u00eda en las escuelas Grisart y El Observatorio, [&hellip;]\" \/>\n<meta property=\"og:url\" content=\"https:\/\/insedeegarensis.com\/index.php\/es\/quien\/\" \/>\n<meta property=\"og:site_name\" content=\"In Sede Egarensis\" \/>\n<meta property=\"article:modified_time\" content=\"2024-03-19T05:30:46+00:00\" \/>\n<meta property=\"og:image\" content=\"https:\/\/insedeegarensis.com\/wp-content\/uploads\/2024\/03\/arbust_ombra_72dpi-1024x683.jpg\" \/>\n<meta name=\"twitter:card\" content=\"summary_large_image\" \/>\n<script type=\"application\/ld+json\" class=\"yoast-schema-graph\">{\"@context\":\"https:\\\/\\\/schema.org\",\"@graph\":[{\"@type\":\"WebPage\",\"@id\":\"https:\\\/\\\/insedeegarensis.com\\\/index.php\\\/es\\\/quien\\\/\",\"url\":\"https:\\\/\\\/insedeegarensis.com\\\/index.php\\\/es\\\/quien\\\/\",\"name\":\"Qui\u00e9n | In Sede Egarensis\",\"isPartOf\":{\"@id\":\"https:\\\/\\\/insedeegarensis.com\\\/#website\"},\"primaryImageOfPage\":{\"@id\":\"https:\\\/\\\/insedeegarensis.com\\\/index.php\\\/es\\\/quien\\\/#primaryimage\"},\"image\":{\"@id\":\"https:\\\/\\\/insedeegarensis.com\\\/index.php\\\/es\\\/quien\\\/#primaryimage\"},\"thumbnailUrl\":\"https:\\\/\\\/insedeegarensis.com\\\/wp-content\\\/uploads\\\/2024\\\/03\\\/arbust_ombra_72dpi-1024x683.jpg\",\"datePublished\":\"2024-02-24T22:31:50+00:00\",\"dateModified\":\"2024-03-19T05:30:46+00:00\",\"breadcrumb\":{\"@id\":\"https:\\\/\\\/insedeegarensis.com\\\/index.php\\\/es\\\/quien\\\/#breadcrumb\"},\"inLanguage\":\"ca\",\"potentialAction\":[{\"@type\":\"ReadAction\",\"target\":[\"https:\\\/\\\/insedeegarensis.com\\\/index.php\\\/es\\\/quien\\\/\"]}]},{\"@type\":\"ImageObject\",\"inLanguage\":\"ca\",\"@id\":\"https:\\\/\\\/insedeegarensis.com\\\/index.php\\\/es\\\/quien\\\/#primaryimage\",\"url\":\"https:\\\/\\\/insedeegarensis.com\\\/wp-content\\\/uploads\\\/2024\\\/03\\\/arbust_ombra_72dpi.jpg?wsr\",\"contentUrl\":\"https:\\\/\\\/insedeegarensis.com\\\/wp-content\\\/uploads\\\/2024\\\/03\\\/arbust_ombra_72dpi.jpg?wsr\",\"width\":1200,\"height\":800},{\"@type\":\"BreadcrumbList\",\"@id\":\"https:\\\/\\\/insedeegarensis.com\\\/index.php\\\/es\\\/quien\\\/#breadcrumb\",\"itemListElement\":[{\"@type\":\"ListItem\",\"position\":1,\"name\":\"Inici\",\"item\":\"https:\\\/\\\/insedeegarensis.com\\\/\"},{\"@type\":\"ListItem\",\"position\":2,\"name\":\"Qui\u00e9n\"}]},{\"@type\":\"WebSite\",\"@id\":\"https:\\\/\\\/insedeegarensis.com\\\/#website\",\"url\":\"https:\\\/\\\/insedeegarensis.com\\\/\",\"name\":\"In Sede Egarensis\",\"description\":\"Una exploraci\u00f3 fotogr\u00e0fica a llarg termini dels paisatges urbans, suburbans i periurbans de la ciutat de Terrassa.\",\"publisher\":{\"@id\":\"https:\\\/\\\/insedeegarensis.com\\\/#\\\/schema\\\/person\\\/d2a7b60ec957cae524af754bf5a7c81c\"},\"potentialAction\":[{\"@type\":\"SearchAction\",\"target\":{\"@type\":\"EntryPoint\",\"urlTemplate\":\"https:\\\/\\\/insedeegarensis.com\\\/?s={search_term_string}\"},\"query-input\":{\"@type\":\"PropertyValueSpecification\",\"valueRequired\":true,\"valueName\":\"search_term_string\"}}],\"inLanguage\":\"ca\"},{\"@type\":[\"Person\",\"Organization\"],\"@id\":\"https:\\\/\\\/insedeegarensis.com\\\/#\\\/schema\\\/person\\\/d2a7b60ec957cae524af754bf5a7c81c\",\"name\":\"Xavier Aragon\u00e8s\",\"image\":{\"@type\":\"ImageObject\",\"inLanguage\":\"ca\",\"@id\":\"https:\\\/\\\/insedeegarensis.com\\\/wp-content\\\/uploads\\\/2024\\\/03\\\/cropped-icona-ise.png\",\"url\":\"https:\\\/\\\/insedeegarensis.com\\\/wp-content\\\/uploads\\\/2024\\\/03\\\/cropped-icona-ise.png\",\"contentUrl\":\"https:\\\/\\\/insedeegarensis.com\\\/wp-content\\\/uploads\\\/2024\\\/03\\\/cropped-icona-ise.png\",\"width\":512,\"height\":512,\"caption\":\"Xavier Aragon\u00e8s\"},\"logo\":{\"@id\":\"https:\\\/\\\/insedeegarensis.com\\\/wp-content\\\/uploads\\\/2024\\\/03\\\/cropped-icona-ise.png\"},\"sameAs\":[\"http:\\\/\\\/insedeegarensis.com\"]}]}<\/script>\n<!-- \/ Yoast SEO plugin. -->","yoast_head_json":{"title":"Qui\u00e9n | In Sede Egarensis","robots":{"index":"index","follow":"follow","max-snippet":"max-snippet:-1","max-image-preview":"max-image-preview:large","max-video-preview":"max-video-preview:-1"},"canonical":"https:\/\/insedeegarensis.com\/index.php\/es\/quien\/","og_locale":"ca_ES","og_type":"article","og_title":"Qui\u00e9n | In Sede Egarensis","og_description":"Xavier Aragon\u00e8s(Pineda de Mar, 1979) Mi trabajo gira principalmente alrededor de los efectos, a veces sutiles y a veces traum\u00e1ticos, de la actividad humana sobre los lugares que nos rodean. Soy un fot\u00f3grafo residente en Terrassa desde 2009. Soy licenciado en Periodismo y he cursado estudios de fotograf\u00eda en las escuelas Grisart y El Observatorio, [&hellip;]","og_url":"https:\/\/insedeegarensis.com\/index.php\/es\/quien\/","og_site_name":"In Sede Egarensis","article_modified_time":"2024-03-19T05:30:46+00:00","og_image":[{"url":"https:\/\/insedeegarensis.com\/wp-content\/uploads\/2024\/03\/arbust_ombra_72dpi-1024x683.jpg","type":"","width":"","height":""}],"twitter_card":"summary_large_image","schema":{"@context":"https:\/\/schema.org","@graph":[{"@type":"WebPage","@id":"https:\/\/insedeegarensis.com\/index.php\/es\/quien\/","url":"https:\/\/insedeegarensis.com\/index.php\/es\/quien\/","name":"Qui\u00e9n | In Sede Egarensis","isPartOf":{"@id":"https:\/\/insedeegarensis.com\/#website"},"primaryImageOfPage":{"@id":"https:\/\/insedeegarensis.com\/index.php\/es\/quien\/#primaryimage"},"image":{"@id":"https:\/\/insedeegarensis.com\/index.php\/es\/quien\/#primaryimage"},"thumbnailUrl":"https:\/\/insedeegarensis.com\/wp-content\/uploads\/2024\/03\/arbust_ombra_72dpi-1024x683.jpg","datePublished":"2024-02-24T22:31:50+00:00","dateModified":"2024-03-19T05:30:46+00:00","breadcrumb":{"@id":"https:\/\/insedeegarensis.com\/index.php\/es\/quien\/#breadcrumb"},"inLanguage":"ca","potentialAction":[{"@type":"ReadAction","target":["https:\/\/insedeegarensis.com\/index.php\/es\/quien\/"]}]},{"@type":"ImageObject","inLanguage":"ca","@id":"https:\/\/insedeegarensis.com\/index.php\/es\/quien\/#primaryimage","url":"https:\/\/insedeegarensis.com\/wp-content\/uploads\/2024\/03\/arbust_ombra_72dpi.jpg?wsr","contentUrl":"https:\/\/insedeegarensis.com\/wp-content\/uploads\/2024\/03\/arbust_ombra_72dpi.jpg?wsr","width":1200,"height":800},{"@type":"BreadcrumbList","@id":"https:\/\/insedeegarensis.com\/index.php\/es\/quien\/#breadcrumb","itemListElement":[{"@type":"ListItem","position":1,"name":"Inici","item":"https:\/\/insedeegarensis.com\/"},{"@type":"ListItem","position":2,"name":"Qui\u00e9n"}]},{"@type":"WebSite","@id":"https:\/\/insedeegarensis.com\/#website","url":"https:\/\/insedeegarensis.com\/","name":"In Sede Egarensis","description":"Una exploraci\u00f3 fotogr\u00e0fica a llarg termini dels paisatges urbans, suburbans i periurbans de la ciutat de Terrassa.","publisher":{"@id":"https:\/\/insedeegarensis.com\/#\/schema\/person\/d2a7b60ec957cae524af754bf5a7c81c"},"potentialAction":[{"@type":"SearchAction","target":{"@type":"EntryPoint","urlTemplate":"https:\/\/insedeegarensis.com\/?s={search_term_string}"},"query-input":{"@type":"PropertyValueSpecification","valueRequired":true,"valueName":"search_term_string"}}],"inLanguage":"ca"},{"@type":["Person","Organization"],"@id":"https:\/\/insedeegarensis.com\/#\/schema\/person\/d2a7b60ec957cae524af754bf5a7c81c","name":"Xavier Aragon\u00e8s","image":{"@type":"ImageObject","inLanguage":"ca","@id":"https:\/\/insedeegarensis.com\/wp-content\/uploads\/2024\/03\/cropped-icona-ise.png","url":"https:\/\/insedeegarensis.com\/wp-content\/uploads\/2024\/03\/cropped-icona-ise.png","contentUrl":"https:\/\/insedeegarensis.com\/wp-content\/uploads\/2024\/03\/cropped-icona-ise.png","width":512,"height":512,"caption":"Xavier Aragon\u00e8s"},"logo":{"@id":"https:\/\/insedeegarensis.com\/wp-content\/uploads\/2024\/03\/cropped-icona-ise.png"},"sameAs":["http:\/\/insedeegarensis.com"]}]}},"lang":"es","translations":{"es":576,"ca":139,"en":1419},"pll_sync_post":[],"_links":{"self":[{"href":"https:\/\/insedeegarensis.com\/index.php\/wp-json\/wp\/v2\/pages\/576","targetHints":{"allow":["GET"]}}],"collection":[{"href":"https:\/\/insedeegarensis.com\/index.php\/wp-json\/wp\/v2\/pages"}],"about":[{"href":"https:\/\/insedeegarensis.com\/index.php\/wp-json\/wp\/v2\/types\/page"}],"author":[{"embeddable":true,"href":"https:\/\/insedeegarensis.com\/index.php\/wp-json\/wp\/v2\/users\/1"}],"replies":[{"embeddable":true,"href":"https:\/\/insedeegarensis.com\/index.php\/wp-json\/wp\/v2\/comments?post=576"}],"version-history":[{"count":6,"href":"https:\/\/insedeegarensis.com\/index.php\/wp-json\/wp\/v2\/pages\/576\/revisions"}],"predecessor-version":[{"id":1769,"href":"https:\/\/insedeegarensis.com\/index.php\/wp-json\/wp\/v2\/pages\/576\/revisions\/1769"}],"wp:attachment":[{"href":"https:\/\/insedeegarensis.com\/index.php\/wp-json\/wp\/v2\/media?parent=576"}],"curies":[{"name":"wp","href":"https:\/\/api.w.org\/{rel}","templated":true}]}}